{"id":3377,"date":"2024-06-18T12:56:36","date_gmt":"2024-06-18T12:56:36","guid":{"rendered":"https:\/\/www.moiaussi.com\/ricardo-alvarez\/"},"modified":"2024-06-19T13:42:51","modified_gmt":"2024-06-19T13:42:51","slug":"ricardo-alvarez","status":"publish","type":"page","link":"https:\/\/www.moiaussi.com\/en\/artists\/ricardo-alvarez\/","title":{"rendered":"Ricardo \u00c1lvarez"},"content":{"rendered":"\t\t<div data-elementor-type=\"wp-page\" data-elementor-id=\"3377\" class=\"elementor elementor-3377 elementor-2692\" data-elementor-post-type=\"page\">\n\t\t\t\t\t\t<section class=\"elementor-section elementor-top-section elementor-element elementor-element-aff9152 elementor-section-full_width elementor-section-height-default elementor-section-height-default\" data-id=\"aff9152\" data-element_type=\"section\" data-settings=\"{&quot;background_background&quot;:&quot;classic&quot;}\">\n\t\t\t\t\t\t<div class=\"elementor-container elementor-column-gap-default\">\n\t\t\t\t\t<div class=\"elementor-column elementor-col-100 elementor-top-column elementor-element elementor-element-b43823e\" data-id=\"b43823e\" data-element_type=\"column\">\n\t\t\t<div class=\"elementor-widget-wrap elementor-element-populated\">\n\t\t\t\t\t\t<div class=\"elementor-element elementor-element-0521579 elementor-widget elementor-widget-text-editor\" data-id=\"0521579\" data-element_type=\"widget\" data-widget_type=\"text-editor.default\">\n\t\t\t\t<div class=\"elementor-widget-container\">\n\t\t\t<style>\/*! elementor - v3.23.0 - 05-08-2024 *\/\n.elementor-widget-text-editor.elementor-drop-cap-view-stacked .elementor-drop-cap{background-color:#69727d;color:#fff}.elementor-widget-text-editor.elementor-drop-cap-view-framed .elementor-drop-cap{color:#69727d;border:3px solid;background-color:transparent}.elementor-widget-text-editor:not(.elementor-drop-cap-view-default) .elementor-drop-cap{margin-top:8px}.elementor-widget-text-editor:not(.elementor-drop-cap-view-default) .elementor-drop-cap-letter{width:1em;height:1em}.elementor-widget-text-editor .elementor-drop-cap{float:left;text-align:center;line-height:1;font-size:50px}.elementor-widget-text-editor .elementor-drop-cap-letter{display:inline-block}<\/style>\t\t\t\t<p><a href=\"https:\/\/www.moiaussi.com\/en\/artists\/\">Return to the Artists section<\/a><\/p>\n\t\t\t\t\t\t<\/div>\n\t\t\t\t<\/div>\n\t\t\t\t<div class=\"elementor-element elementor-element-a1c1b11 elementor-hidden-mobile elementor-widget elementor-widget-spacer\" data-id=\"a1c1b11\" data-element_type=\"widget\" data-widget_type=\"spacer.default\">\n\t\t\t\t<div class=\"elementor-widget-container\">\n\t\t\t<style>\/*! elementor - v3.23.0 - 05-08-2024 *\/\n.elementor-column .elementor-spacer-inner{height:var(--spacer-size)}.e-con{--container-widget-width:100%}.e-con-inner>.elementor-widget-spacer,.e-con>.elementor-widget-spacer{width:var(--container-widget-width,var(--spacer-size));--align-self:var(--container-widget-align-self,initial);--flex-shrink:0}.e-con-inner>.elementor-widget-spacer>.elementor-widget-container,.e-con>.elementor-widget-spacer>.elementor-widget-container{height:100%;width:100%}.e-con-inner>.elementor-widget-spacer>.elementor-widget-container>.elementor-spacer,.e-con>.elementor-widget-spacer>.elementor-widget-container>.elementor-spacer{height:100%}.e-con-inner>.elementor-widget-spacer>.elementor-widget-container>.elementor-spacer>.elementor-spacer-inner,.e-con>.elementor-widget-spacer>.elementor-widget-container>.elementor-spacer>.elementor-spacer-inner{height:var(--container-widget-height,var(--spacer-size))}.e-con-inner>.elementor-widget-spacer.elementor-widget-empty,.e-con>.elementor-widget-spacer.elementor-widget-empty{position:relative;min-height:22px;min-width:22px}.e-con-inner>.elementor-widget-spacer.elementor-widget-empty .elementor-widget-empty-icon,.e-con>.elementor-widget-spacer.elementor-widget-empty .elementor-widget-empty-icon{position:absolute;top:0;bottom:0;left:0;right:0;margin:auto;padding:0;width:22px;height:22px}<\/style>\t\t<div class=\"elementor-spacer\">\n\t\t\t<div class=\"elementor-spacer-inner\"><\/div>\n\t\t<\/div>\n\t\t\t\t<\/div>\n\t\t\t\t<\/div>\n\t\t\t\t\t<\/div>\n\t\t<\/div>\n\t\t\t\t\t<\/div>\n\t\t<\/section>\n\t\t\t\t<section class=\"elementor-section elementor-top-section elementor-element elementor-element-d652b33 elementor-section-full_width elementor-section-height-default elementor-section-height-default\" data-id=\"d652b33\" data-element_type=\"section\" data-settings=\"{&quot;background_background&quot;:&quot;classic&quot;}\">\n\t\t\t\t\t\t<div class=\"elementor-container elementor-column-gap-default\">\n\t\t\t\t\t<div class=\"elementor-column elementor-col-33 elementor-top-column elementor-element elementor-element-dfd361b\" data-id=\"dfd361b\" data-element_type=\"column\">\n\t\t\t<div class=\"elementor-widget-wrap elementor-element-populated\">\n\t\t\t\t\t\t<div class=\"elementor-element elementor-element-5182348 elementor-widget elementor-widget-image\" data-id=\"5182348\" data-element_type=\"widget\" data-widget_type=\"image.default\">\n\t\t\t\t<div class=\"elementor-widget-container\">\n\t\t\t<style>\/*! elementor - v3.23.0 - 05-08-2024 *\/\n.elementor-widget-image{text-align:center}.elementor-widget-image a{display:inline-block}.elementor-widget-image a img[src$=\".svg\"]{width:48px}.elementor-widget-image img{vertical-align:middle;display:inline-block}<\/style>\t\t\t\t\t\t\t\t\t\t<img fetchpriority=\"high\" decoding=\"async\" width=\"800\" height=\"942\" src=\"https:\/\/ecdn.speedsize.com\/f3254346-20b5-4706-8478-f5f3409f39aa\/https:\/\/www.moiaussi.com\/wp-content\/uploads\/2024\/06\/Artist_Ricardo_Alvarez-e1718717100403-870x1024.jpg\" class=\"attachment-large size-large wp-image-2748\" alt=\"\" srcset=\"\/wp-content\/uploads\/2024\/06\/Artist_Ricardo_Alvarez-e1718717100403-870x1024.jpg 870w, \/wp-content\/uploads\/2024\/06\/Artist_Ricardo_Alvarez-e1718717100403-255x300.jpg 255w, \/wp-content\/uploads\/2024\/06\/Artist_Ricardo_Alvarez-e1718717100403-768x904.jpg 768w, \/wp-content\/uploads\/2024\/06\/Artist_Ricardo_Alvarez-e1718717100403-1306x1536.jpg 1306w, \/wp-content\/uploads\/2024\/06\/Artist_Ricardo_Alvarez-e1718717100403.jpg 1700w\" sizes=\"(max-width: 800px) 100vw, 800px\" \/>\t\t\t\t\t\t\t\t\t\t\t\t\t<\/div>\n\t\t\t\t<\/div>\n\t\t\t\t\t<\/div>\n\t\t<\/div>\n\t\t\t\t<div class=\"elementor-column elementor-col-66 elementor-top-column elementor-element elementor-element-957b6da\" data-id=\"957b6da\" data-element_type=\"column\">\n\t\t\t<div class=\"elementor-widget-wrap elementor-element-populated\">\n\t\t\t\t\t\t<div class=\"elementor-element elementor-element-8f78477 elementor-widget elementor-widget-text-editor\" data-id=\"8f78477\" data-element_type=\"widget\" data-widget_type=\"text-editor.default\">\n\t\t\t\t<div class=\"elementor-widget-container\">\n\t\t\t\t\t\t\tRicardo \u00c1lvarez <span style=\"font-size: 12px; font-weight: normal; font-family: 'Fragment Glare', Sans-serif;\">\nCuba<\/span>\t\t\t\t\t\t<\/div>\n\t\t\t\t<\/div>\n\t\t\t\t<section class=\"elementor-section elementor-inner-section elementor-element elementor-element-9c32c6b elementor-section-boxed elementor-section-height-default elementor-section-height-default\" data-id=\"9c32c6b\" data-element_type=\"section\">\n\t\t\t\t\t\t<div class=\"elementor-container elementor-column-gap-default\">\n\t\t\t\t\t<div class=\"elementor-column elementor-col-100 elementor-inner-column elementor-element elementor-element-d387b06\" data-id=\"d387b06\" data-element_type=\"column\">\n\t\t\t<div class=\"elementor-widget-wrap\">\n\t\t\t\t\t\t\t<\/div>\n\t\t<\/div>\n\t\t\t\t\t<\/div>\n\t\t<\/section>\n\t\t\t\t<div class=\"elementor-element elementor-element-5117967 elementor-widget__width-initial elementor-widget elementor-widget-text-editor\" data-id=\"5117967\" data-element_type=\"widget\" data-widget_type=\"text-editor.default\">\n\t\t\t\t<div class=\"elementor-widget-container\">\n\t\t\t\t\t\t\t<p><span style=\"font-weight: 400;\">Ricardo \u00c1lvarez is a plastic artist and documentary filmmaker born in Havana, Cuba. He studied visual arts at the San Alejandro National School and studied writing and directing documentaries in Paris. He has exhibited in various galleries in Venezuela, Paris and Asunci\u00f3n and has participated in international film festivals with his documentaries.<\/span><\/p>\n\t\t\t\t\t\t<\/div>\n\t\t\t\t<\/div>\n\t\t\t\t<div class=\"elementor-element elementor-element-0c1b506 elementor-hidden-mobile elementor-widget elementor-widget-spacer\" data-id=\"0c1b506\" data-element_type=\"widget\" data-widget_type=\"spacer.default\">\n\t\t\t\t<div class=\"elementor-widget-container\">\n\t\t\t\t\t<div class=\"elementor-spacer\">\n\t\t\t<div class=\"elementor-spacer-inner\"><\/div>\n\t\t<\/div>\n\t\t\t\t<\/div>\n\t\t\t\t<\/div>\n\t\t\t\t<div class=\"elementor-element elementor-element-f2e9e13 elementor-widget elementor-widget-text-editor\" data-id=\"f2e9e13\" data-element_type=\"widget\" data-widget_type=\"text-editor.default\">\n\t\t\t\t<div class=\"elementor-widget-container\">\n\t\t\t\t\t\t\t<p>Moi Aussi Artwork<\/p>\n\t\t\t\t\t\t<\/div>\n\t\t\t\t<\/div>\n\t\t\t\t<div class=\"elementor-element elementor-element-fc94deb elementor-widget elementor-widget-text-editor\" data-id=\"fc94deb\" data-element_type=\"widget\" data-widget_type=\"text-editor.default\">\n\t\t\t\t<div class=\"elementor-widget-container\">\n\t\t\t\t\t\t\t<p><a href=\"https:\/\/www.moiaussi.com\/en\/artists\/ricardo-alvarez\/casita-bizcocho\/\">Casita bizcocho<\/a><\/p>\n\t\t\t\t\t\t<\/div>\n\t\t\t\t<\/div>\n\t\t\t\t<section class=\"elementor-section elementor-inner-section elementor-element elementor-element-ad613af elementor-section-boxed elementor-section-height-default elementor-section-height-default\" data-id=\"ad613af\" data-element_type=\"section\">\n\t\t\t\t\t\t<div class=\"elementor-container elementor-column-gap-default\">\n\t\t\t\t\t<div class=\"elementor-column elementor-col-50 elementor-inner-column elementor-element elementor-element-937eee0\" data-id=\"937eee0\" data-element_type=\"column\">\n\t\t\t<div class=\"elementor-widget-wrap elementor-element-populated\">\n\t\t\t\t\t\t<div class=\"elementor-element elementor-element-3eae370 elementor-widget elementor-widget-text-editor\" data-id=\"3eae370\" data-element_type=\"widget\" data-widget_type=\"text-editor.default\">\n\t\t\t\t<div class=\"elementor-widget-container\">\n\t\t\t\t\t\t\t<p>Instagram<\/p>\n\t\t\t\t\t\t<\/div>\n\t\t\t\t<\/div>\n\t\t\t\t<div class=\"elementor-element elementor-element-078b9b4 elementor-widget elementor-widget-text-editor\" data-id=\"078b9b4\" data-element_type=\"widget\" data-widget_type=\"text-editor.default\">\n\t\t\t\t<div class=\"elementor-widget-container\">\n\t\t\t\t\t\t\t<p><a href=\"https:\/\/www.instagram.com\/ricardoalvarez_art\/\">@ricardoalvarez_art<\/a><\/p>\n\t\t\t\t\t\t<\/div>\n\t\t\t\t<\/div>\n\t\t\t\t\t<\/div>\n\t\t<\/div>\n\t\t\t\t<div class=\"elementor-column elementor-col-50 elementor-inner-column elementor-element elementor-element-2713d11\" data-id=\"2713d11\" data-element_type=\"column\">\n\t\t\t<div class=\"elementor-widget-wrap\">\n\t\t\t\t\t\t\t<\/div>\n\t\t<\/div>\n\t\t\t\t\t<\/div>\n\t\t<\/section>\n\t\t\t\t\t<\/div>\n\t\t<\/div>\n\t\t\t\t\t<\/div>\n\t\t<\/section>\n\t\t\t\t<section class=\"elementor-section elementor-top-section elementor-element elementor-element-beb6cdf elementor-section-boxed elementor-section-height-default elementor-section-height-default\" data-id=\"beb6cdf\" data-element_type=\"section\" data-settings=\"{&quot;background_background&quot;:&quot;classic&quot;}\">\n\t\t\t\t\t\t<div class=\"elementor-container elementor-column-gap-default\">\n\t\t\t\t\t<div class=\"elementor-column elementor-col-100 elementor-top-column elementor-element elementor-element-8f590ca\" data-id=\"8f590ca\" data-element_type=\"column\">\n\t\t\t<div class=\"elementor-widget-wrap elementor-element-populated\">\n\t\t\t\t\t\t<div class=\"elementor-element elementor-element-7e76a78 elementor-hidden-mobile elementor-widget elementor-widget-spacer\" data-id=\"7e76a78\" data-element_type=\"widget\" data-widget_type=\"spacer.default\">\n\t\t\t\t<div class=\"elementor-widget-container\">\n\t\t\t\t\t<div class=\"elementor-spacer\">\n\t\t\t<div class=\"elementor-spacer-inner\"><\/div>\n\t\t<\/div>\n\t\t\t\t<\/div>\n\t\t\t\t<\/div>\n\t\t\t\t\t<\/div>\n\t\t<\/div>\n\t\t\t\t\t<\/div>\n\t\t<\/section>\n\t\t\t\t<\/div>\n\t\t","protected":false},"excerpt":{"rendered":"<p>Return to the Artists section Ricardo \u00c1lvarez Cuba Ricardo \u00c1lvarez is a plastic artist and documentary filmmaker born in Havana, Cuba. He studied visual arts at the San Alejandro National School and studied writing and directing documentaries in Paris. He has exhibited in various galleries in Venezuela, Paris and Asunci\u00f3n and has participated in international [&hellip;]<\/p>\n","protected":false},"author":2,"featured_media":0,"parent":3850,"menu_order":0,"comment_status":"closed","ping_status":"closed","template":"","meta":{"footnotes":""},"class_list":["post-3377","page","type-page","status-publish","hentry"],"yoast_head":"<!-- This site is optimized with the Yoast SEO plugin v25.6 - https:\/\/yoast.com\/wordpress\/plugins\/seo\/ -->\n<title>Ricardo \u00c1lvarez - moi aussi<\/title>\n<meta name=\"robots\" content=\"index, follow, max-snippet:-1, max-image-preview:large, max-video-preview:-1\" \/>\n<link rel=\"canonical\" href=\"https:\/\/www.moiaussi.com\/en\/artists\/ricardo-alvarez\/\" \/>\n<meta property=\"og:locale\" content=\"en_US\" \/>\n<meta property=\"og:type\" content=\"article\" \/>\n<meta property=\"og:title\" content=\"Ricardo \u00c1lvarez - moi aussi\" \/>\n<meta property=\"og:description\" content=\"Return to the Artists section Ricardo \u00c1lvarez Cuba Ricardo \u00c1lvarez is a plastic artist and documentary filmmaker born in Havana, Cuba. He studied visual arts at the San Alejandro National School and studied writing and directing documentaries in Paris. He has exhibited in various galleries in Venezuela, Paris and Asunci\u00f3n and has participated in international [&hellip;]\" \/>\n<meta property=\"og:url\" content=\"https:\/\/www.moiaussi.com\/en\/artists\/ricardo-alvarez\/\" \/>\n<meta property=\"og:site_name\" content=\"moi aussi\" \/>\n<meta property=\"article:modified_time\" content=\"2024-06-19T13:42:51+00:00\" \/>\n<meta name=\"twitter:card\" content=\"summary_large_image\" \/>\n<meta name=\"twitter:label1\" content=\"Est. reading time\" \/>\n\t<meta name=\"twitter:data1\" content=\"1 minute\" \/>\n<script type=\"application\/ld+json\" class=\"yoast-schema-graph\">{\"@context\":\"https:\/\/schema.org\",\"@graph\":[{\"@type\":\"WebPage\",\"@id\":\"https:\/\/www.moiaussi.com\/en\/artists\/ricardo-alvarez\/\",\"url\":\"https:\/\/www.moiaussi.com\/en\/artists\/ricardo-alvarez\/\",\"name\":\"Ricardo \u00c1lvarez - moi aussi\",\"isPartOf\":{\"@id\":\"https:\/\/www.moiaussi.com\/en\/#website\"},\"datePublished\":\"2024-06-18T12:56:36+00:00\",\"dateModified\":\"2024-06-19T13:42:51+00:00\",\"breadcrumb\":{\"@id\":\"https:\/\/www.moiaussi.com\/en\/artists\/ricardo-alvarez\/#breadcrumb\"},\"inLanguage\":\"en-US\",\"potentialAction\":[{\"@type\":\"ReadAction\",\"target\":[\"https:\/\/www.moiaussi.com\/en\/artists\/ricardo-alvarez\/\"]}]},{\"@type\":\"BreadcrumbList\",\"@id\":\"https:\/\/www.moiaussi.com\/en\/artists\/ricardo-alvarez\/#breadcrumb\",\"itemListElement\":[{\"@type\":\"ListItem\",\"position\":1,\"name\":\"Portada\",\"item\":\"https:\/\/www.moiaussi.com\/en\/\"},{\"@type\":\"ListItem\",\"position\":2,\"name\":\"Artists\",\"item\":\"https:\/\/www.moiaussi.com\/en\/artists\/\"},{\"@type\":\"ListItem\",\"position\":3,\"name\":\"Ricardo \u00c1lvarez\"}]},{\"@type\":\"WebSite\",\"@id\":\"https:\/\/www.moiaussi.com\/en\/#website\",\"url\":\"https:\/\/www.moiaussi.com\/en\/\",\"name\":\"moi aussi\",\"description\":\"\",\"publisher\":{\"@id\":\"https:\/\/www.moiaussi.com\/en\/#organization\"},\"potentialAction\":[{\"@type\":\"SearchAction\",\"target\":{\"@type\":\"EntryPoint\",\"urlTemplate\":\"https:\/\/www.moiaussi.com\/en\/?s={search_term_string}\"},\"query-input\":{\"@type\":\"PropertyValueSpecification\",\"valueRequired\":true,\"valueName\":\"search_term_string\"}}],\"inLanguage\":\"en-US\"},{\"@type\":\"Organization\",\"@id\":\"https:\/\/www.moiaussi.com\/en\/#organization\",\"name\":\"moi aussi\",\"url\":\"https:\/\/www.moiaussi.com\/en\/\",\"logo\":{\"@type\":\"ImageObject\",\"inLanguage\":\"en-US\",\"@id\":\"https:\/\/www.moiaussi.com\/en\/#\/schema\/logo\/image\/\",\"url\":\"\/wp-content\/uploads\/2024\/05\/LOGO-01.webp\",\"contentUrl\":\"\/wp-content\/uploads\/2024\/05\/LOGO-01.webp\",\"width\":1778,\"height\":1225,\"caption\":\"moi aussi\"},\"image\":{\"@id\":\"https:\/\/www.moiaussi.com\/en\/#\/schema\/logo\/image\/\"}}]}<\/script>\n<!-- \/ Yoast SEO plugin. -->","yoast_head_json":{"title":"Ricardo \u00c1lvarez - moi aussi","robots":{"index":"index","follow":"follow","max-snippet":"max-snippet:-1","max-image-preview":"max-image-preview:large","max-video-preview":"max-video-preview:-1"},"canonical":"https:\/\/www.moiaussi.com\/en\/artists\/ricardo-alvarez\/","og_locale":"en_US","og_type":"article","og_title":"Ricardo \u00c1lvarez - moi aussi","og_description":"Return to the Artists section Ricardo \u00c1lvarez Cuba Ricardo \u00c1lvarez is a plastic artist and documentary filmmaker born in Havana, Cuba. He studied visual arts at the San Alejandro National School and studied writing and directing documentaries in Paris. He has exhibited in various galleries in Venezuela, Paris and Asunci\u00f3n and has participated in international [&hellip;]","og_url":"https:\/\/www.moiaussi.com\/en\/artists\/ricardo-alvarez\/","og_site_name":"moi aussi","article_modified_time":"2024-06-19T13:42:51+00:00","twitter_card":"summary_large_image","twitter_misc":{"Est. reading time":"1 minute"},"schema":{"@context":"https:\/\/schema.org","@graph":[{"@type":"WebPage","@id":"https:\/\/www.moiaussi.com\/en\/artists\/ricardo-alvarez\/","url":"https:\/\/www.moiaussi.com\/en\/artists\/ricardo-alvarez\/","name":"Ricardo \u00c1lvarez - moi aussi","isPartOf":{"@id":"https:\/\/www.moiaussi.com\/en\/#website"},"datePublished":"2024-06-18T12:56:36+00:00","dateModified":"2024-06-19T13:42:51+00:00","breadcrumb":{"@id":"https:\/\/www.moiaussi.com\/en\/artists\/ricardo-alvarez\/#breadcrumb"},"inLanguage":"en-US","potentialAction":[{"@type":"ReadAction","target":["https:\/\/www.moiaussi.com\/en\/artists\/ricardo-alvarez\/"]}]},{"@type":"BreadcrumbList","@id":"https:\/\/www.moiaussi.com\/en\/artists\/ricardo-alvarez\/#breadcrumb","itemListElement":[{"@type":"ListItem","position":1,"name":"Portada","item":"https:\/\/www.moiaussi.com\/en\/"},{"@type":"ListItem","position":2,"name":"Artists","item":"https:\/\/www.moiaussi.com\/en\/artists\/"},{"@type":"ListItem","position":3,"name":"Ricardo \u00c1lvarez"}]},{"@type":"WebSite","@id":"https:\/\/www.moiaussi.com\/en\/#website","url":"https:\/\/www.moiaussi.com\/en\/","name":"moi aussi","description":"","publisher":{"@id":"https:\/\/www.moiaussi.com\/en\/#organization"},"potentialAction":[{"@type":"SearchAction","target":{"@type":"EntryPoint","urlTemplate":"https:\/\/www.moiaussi.com\/en\/?s={search_term_string}"},"query-input":{"@type":"PropertyValueSpecification","valueRequired":true,"valueName":"search_term_string"}}],"inLanguage":"en-US"},{"@type":"Organization","@id":"https:\/\/www.moiaussi.com\/en\/#organization","name":"moi aussi","url":"https:\/\/www.moiaussi.com\/en\/","logo":{"@type":"ImageObject","inLanguage":"en-US","@id":"https:\/\/www.moiaussi.com\/en\/#\/schema\/logo\/image\/","url":"\/wp-content\/uploads\/2024\/05\/LOGO-01.webp","contentUrl":"\/wp-content\/uploads\/2024\/05\/LOGO-01.webp","width":1778,"height":1225,"caption":"moi aussi"},"image":{"@id":"https:\/\/www.moiaussi.com\/en\/#\/schema\/logo\/image\/"}}]}},"_links":{"self":[{"href":"https:\/\/www.moiaussi.com\/en\/wp-json\/wp\/v2\/pages\/3377"}],"collection":[{"href":"https:\/\/www.moiaussi.com\/en\/wp-json\/wp\/v2\/pages"}],"about":[{"href":"https:\/\/www.moiaussi.com\/en\/wp-json\/wp\/v2\/types\/page"}],"author":[{"embeddable":true,"href":"https:\/\/www.moiaussi.com\/en\/wp-json\/wp\/v2\/users\/2"}],"replies":[{"embeddable":true,"href":"https:\/\/www.moiaussi.com\/en\/wp-json\/wp\/v2\/comments?post=3377"}],"version-history":[{"count":11,"href":"https:\/\/www.moiaussi.com\/en\/wp-json\/wp\/v2\/pages\/3377\/revisions"}],"predecessor-version":[{"id":4583,"href":"https:\/\/www.moiaussi.com\/en\/wp-json\/wp\/v2\/pages\/3377\/revisions\/4583"}],"up":[{"embeddable":true,"href":"https:\/\/www.moiaussi.com\/en\/wp-json\/wp\/v2\/pages\/3850"}],"wp:attachment":[{"href":"https:\/\/www.moiaussi.com\/en\/wp-json\/wp\/v2\/media?parent=3377"}],"curies":[{"name":"wp","href":"https:\/\/api.w.org\/{rel}","templated":true}]}}