{"id":3,"date":"2024-05-31T06:20:15","date_gmt":"2024-05-31T06:20:15","guid":{"rendered":"https:\/\/moiaussi.azurewebsites.net\/?page_id=3"},"modified":"2024-06-20T10:21:30","modified_gmt":"2024-06-20T10:21:30","slug":"privacy-policy","status":"publish","type":"page","link":"https:\/\/www.moiaussi.com\/it\/privacy-policy\/","title":{"rendered":"Privacy Policy"},"content":{"rendered":"\t\t<div data-elementor-type=\"wp-page\" data-elementor-id=\"3\" class=\"elementor elementor-3\" data-elementor-post-type=\"page\">\n\t\t\t\t\t\t<section class=\"elementor-section elementor-top-section elementor-element elementor-element-55ce226b elementor-section-boxed elementor-section-height-default elementor-section-height-default\" data-id=\"55ce226b\" data-element_type=\"section\" data-settings=\"{&quot;background_background&quot;:&quot;classic&quot;}\">\n\t\t\t\t\t\t<div class=\"elementor-container elementor-column-gap-default\">\n\t\t\t\t\t<div class=\"elementor-column elementor-col-100 elementor-top-column elementor-element elementor-element-15e0a239\" data-id=\"15e0a239\" data-element_type=\"column\" data-settings=\"{&quot;background_background&quot;:&quot;classic&quot;}\">\n\t\t\t<div class=\"elementor-widget-wrap elementor-element-populated\">\n\t\t\t\t\t\t<div class=\"elementor-element elementor-element-a1243fc elementor-widget elementor-widget-spacer\" data-id=\"a1243fc\" data-element_type=\"widget\" data-widget_type=\"spacer.default\">\n\t\t\t\t<div class=\"elementor-widget-container\">\n\t\t\t<style>\/*! elementor - v3.23.0 - 05-08-2024 *\/\n.elementor-column .elementor-spacer-inner{height:var(--spacer-size)}.e-con{--container-widget-width:100%}.e-con-inner>.elementor-widget-spacer,.e-con>.elementor-widget-spacer{width:var(--container-widget-width,var(--spacer-size));--align-self:var(--container-widget-align-self,initial);--flex-shrink:0}.e-con-inner>.elementor-widget-spacer>.elementor-widget-container,.e-con>.elementor-widget-spacer>.elementor-widget-container{height:100%;width:100%}.e-con-inner>.elementor-widget-spacer>.elementor-widget-container>.elementor-spacer,.e-con>.elementor-widget-spacer>.elementor-widget-container>.elementor-spacer{height:100%}.e-con-inner>.elementor-widget-spacer>.elementor-widget-container>.elementor-spacer>.elementor-spacer-inner,.e-con>.elementor-widget-spacer>.elementor-widget-container>.elementor-spacer>.elementor-spacer-inner{height:var(--container-widget-height,var(--spacer-size))}.e-con-inner>.elementor-widget-spacer.elementor-widget-empty,.e-con>.elementor-widget-spacer.elementor-widget-empty{position:relative;min-height:22px;min-width:22px}.e-con-inner>.elementor-widget-spacer.elementor-widget-empty .elementor-widget-empty-icon,.e-con>.elementor-widget-spacer.elementor-widget-empty .elementor-widget-empty-icon{position:absolute;top:0;bottom:0;left:0;right:0;margin:auto;padding:0;width:22px;height:22px}<\/style>\t\t<div class=\"elementor-spacer\">\n\t\t\t<div class=\"elementor-spacer-inner\"><\/div>\n\t\t<\/div>\n\t\t\t\t<\/div>\n\t\t\t\t<\/div>\n\t\t\t\t<div class=\"elementor-element elementor-element-7b387af elementor-widget elementor-widget-heading\" data-id=\"7b387af\" data-element_type=\"widget\" data-widget_type=\"heading.default\">\n\t\t\t\t<div class=\"elementor-widget-container\">\n\t\t\t<style>\/*! elementor - v3.23.0 - 05-08-2024 *\/\n.elementor-heading-title{padding:0;margin:0;line-height:1}.elementor-widget-heading .elementor-heading-title[class*=elementor-size-]>a{color:inherit;font-size:inherit;line-height:inherit}.elementor-widget-heading .elementor-heading-title.elementor-size-small{font-size:15px}.elementor-widget-heading .elementor-heading-title.elementor-size-medium{font-size:19px}.elementor-widget-heading .elementor-heading-title.elementor-size-large{font-size:29px}.elementor-widget-heading .elementor-heading-title.elementor-size-xl{font-size:39px}.elementor-widget-heading .elementor-heading-title.elementor-size-xxl{font-size:59px}<\/style><h4 class=\"elementor-heading-title elementor-size-default\">POL\u00cdTICA DE PRIVACIDAD<\/h4>\t\t<\/div>\n\t\t\t\t<\/div>\n\t\t\t\t<div class=\"elementor-element elementor-element-deed9cb elementor-widget elementor-widget-text-editor\" data-id=\"deed9cb\" data-element_type=\"widget\" data-widget_type=\"text-editor.default\">\n\t\t\t\t<div class=\"elementor-widget-container\">\n\t\t\t<style>\/*! elementor - v3.23.0 - 05-08-2024 *\/\n.elementor-widget-text-editor.elementor-drop-cap-view-stacked .elementor-drop-cap{background-color:#69727d;color:#fff}.elementor-widget-text-editor.elementor-drop-cap-view-framed .elementor-drop-cap{color:#69727d;border:3px solid;background-color:transparent}.elementor-widget-text-editor:not(.elementor-drop-cap-view-default) .elementor-drop-cap{margin-top:8px}.elementor-widget-text-editor:not(.elementor-drop-cap-view-default) .elementor-drop-cap-letter{width:1em;height:1em}.elementor-widget-text-editor .elementor-drop-cap{float:left;text-align:center;line-height:1;font-size:50px}.elementor-widget-text-editor .elementor-drop-cap-letter{display:inline-block}<\/style>\t\t\t\t<p>De conformidad con el Reglamento (UE) 2016\/679 del Parlamento Europeo y del Consejo de 27 de abril de 2016 (\u201cRGPD\u201d) y su<br \/>normativa de desarrollo,<br \/>MOI AUSSI, SRLS. (\u201cMoi Aussi\u201d) informa a todos los usuarios de la<\/p>\t\t\t\t\t\t<\/div>\n\t\t\t\t<\/div>\n\t\t\t\t<div class=\"elementor-element elementor-element-48116a8 elementor-widget elementor-widget-heading\" data-id=\"48116a8\" data-element_type=\"widget\" data-widget_type=\"heading.default\">\n\t\t\t\t<div class=\"elementor-widget-container\">\n\t\t\t<h4 class=\"elementor-heading-title elementor-size-default\">\u00bfCon car\u00e1cter general con que finalidad trataremos sus datos personales?<\/h4>\t\t<\/div>\n\t\t\t\t<\/div>\n\t\t\t\t<div class=\"elementor-element elementor-element-07653bf elementor-widget elementor-widget-text-editor\" data-id=\"07653bf\" data-element_type=\"widget\" data-widget_type=\"text-editor.default\">\n\t\t\t\t<div class=\"elementor-widget-container\">\n\t\t\t\t\t\t\t<ul><li>Atender la solicitud de informaci\u00f3n requerida a trav\u00e9s del apartado \u201cconnettiti con noi\u201d de la Web.<\/li><li>Gestionar el env\u00edo de comunicaciones acerca de Moi Aussi, newsletter, novedades&#8230;<\/li><li>Establecer contacto con artistas interesados en colaborar con Moi Auss<\/li><\/ul>\t\t\t\t\t\t<\/div>\n\t\t\t\t<\/div>\n\t\t\t\t<div class=\"elementor-element elementor-element-289d2c4 elementor-widget elementor-widget-heading\" data-id=\"289d2c4\" data-element_type=\"widget\" data-widget_type=\"heading.default\">\n\t\t\t\t<div class=\"elementor-widget-container\">\n\t\t\t<h4 class=\"elementor-heading-title elementor-size-default\">\u00bfCu\u00e1l es la legitimaci\u00f3n para el tratamiento de sus datos?<\/h4>\t\t<\/div>\n\t\t\t\t<\/div>\n\t\t\t\t<div class=\"elementor-element elementor-element-0107281 elementor-widget elementor-widget-text-editor\" data-id=\"0107281\" data-element_type=\"widget\" data-widget_type=\"text-editor.default\">\n\t\t\t\t<div class=\"elementor-widget-container\">\n\t\t\t\t\t\t\t<ul><li>Para atender la solicitud de informaci\u00f3n requerida a trav\u00e9s del apartado \u201cContacto\u201d de la Web. El consentimiento<br \/>manifestado a partir del requerimiento enviado.<\/li><li>Para la remisi\u00f3n de informaci\u00f3n \/ newsletter, a prop\u00f3sito de Moi Aussi. Su consentimiento.<\/li><li>Para contactar con artistas interesados en establecer colaboraciones con Moi Aussi. La aplicaci\u00f3n de medidas<br \/>precontractuales a petici\u00f3n del afectado.<\/li><\/ul>\t\t\t\t\t\t<\/div>\n\t\t\t\t<\/div>\n\t\t\t\t<div class=\"elementor-element elementor-element-c0a7c5b elementor-widget elementor-widget-heading\" data-id=\"c0a7c5b\" data-element_type=\"widget\" data-widget_type=\"heading.default\">\n\t\t\t\t<div class=\"elementor-widget-container\">\n\t\t\t<h4 class=\"elementor-heading-title elementor-size-default\">\u00bfQu\u00e9 ocurre si no facilito los datos solicitados?<\/h4>\t\t<\/div>\n\t\t\t\t<\/div>\n\t\t\t\t<div class=\"elementor-element elementor-element-4edf163 elementor-widget elementor-widget-text-editor\" data-id=\"4edf163\" data-element_type=\"widget\" data-widget_type=\"text-editor.default\">\n\t\t\t\t<div class=\"elementor-widget-container\">\n\t\t\t\t\t\t\t<p>La negativa a facilitar todos los datos identificativos y de contacto se\u00f1alados como obligatorios podr\u00eda suponer la imposibilidad de responder a sus solicitudes o remitirle la comunicaciones solicitadas.<\/p>\t\t\t\t\t\t<\/div>\n\t\t\t\t<\/div>\n\t\t\t\t<div class=\"elementor-element elementor-element-343c1f5 elementor-widget elementor-widget-heading\" data-id=\"343c1f5\" data-element_type=\"widget\" data-widget_type=\"heading.default\">\n\t\t\t\t<div class=\"elementor-widget-container\">\n\t\t\t<h4 class=\"elementor-heading-title elementor-size-default\">\u00bfD\u00f3nde obtenemos sus datos?<\/h4>\t\t<\/div>\n\t\t\t\t<\/div>\n\t\t\t\t<div class=\"elementor-element elementor-element-68bb589 elementor-widget elementor-widget-text-editor\" data-id=\"68bb589\" data-element_type=\"widget\" data-widget_type=\"text-editor.default\">\n\t\t\t\t<div class=\"elementor-widget-container\">\n\t\t\t\t\t\t\t<p>Los datos que vayamos a tratar son los que nos facilite a trav\u00e9s del formulario de contacto.<\/p>\t\t\t\t\t\t<\/div>\n\t\t\t\t<\/div>\n\t\t\t\t<div class=\"elementor-element elementor-element-8793ff5 elementor-widget elementor-widget-heading\" data-id=\"8793ff5\" data-element_type=\"widget\" data-widget_type=\"heading.default\">\n\t\t\t\t<div class=\"elementor-widget-container\">\n\t\t\t<h4 class=\"elementor-heading-title elementor-size-default\">\u00bfA qu\u00e9 destinatarios se comunicar\u00e1n sus datos?<\/h4>\t\t<\/div>\n\t\t\t\t<\/div>\n\t\t\t\t<div class=\"elementor-element elementor-element-24769ab elementor-widget elementor-widget-text-editor\" data-id=\"24769ab\" data-element_type=\"widget\" data-widget_type=\"text-editor.default\">\n\t\t\t\t<div class=\"elementor-widget-container\">\n\t\t\t\t\t\t\t<p>Con car\u00e1cter general, no est\u00e1 prevista la comunicaci\u00f3n de sus datos a terceros. Las \u00fanicas comunicaciones que, podr\u00edan llevarse a cabo ser\u00edan las legalmente establecidas o las imprescindibles para atender a sus demandas, solicitudes o prestaci\u00f3n de servicios.<br \/>Al margen de lo referido anteriormente, podr\u00edan tener acceso a sus datos, terceros, Encargados del Tratamiento.<\/p>\t\t\t\t\t\t<\/div>\n\t\t\t\t<\/div>\n\t\t\t\t<div class=\"elementor-element elementor-element-19a9589 elementor-widget elementor-widget-heading\" data-id=\"19a9589\" data-element_type=\"widget\" data-widget_type=\"heading.default\">\n\t\t\t\t<div class=\"elementor-widget-container\">\n\t\t\t<h4 class=\"elementor-heading-title elementor-size-default\">\u00bfPor cu\u00e1nto tiempo conservaremos sus datos?<\/h4>\t\t<\/div>\n\t\t\t\t<\/div>\n\t\t\t\t<div class=\"elementor-element elementor-element-6bbf19e elementor-widget elementor-widget-text-editor\" data-id=\"6bbf19e\" data-element_type=\"widget\" data-widget_type=\"text-editor.default\">\n\t\t\t\t<div class=\"elementor-widget-container\">\n\t\t\t\t\t\t\t<p>Por lo general, los datos proporcionados se conservar\u00e1n, durante el tiempo que resulte necesario, para responder a sus comunicaciones y, en el caso de la remisi\u00f3n de comunicaciones, hasta que usted no manifieste lo contrario.<\/p>\t\t\t\t\t\t<\/div>\n\t\t\t\t<\/div>\n\t\t\t\t<div class=\"elementor-element elementor-element-6da5eab elementor-widget elementor-widget-heading\" data-id=\"6da5eab\" data-element_type=\"widget\" data-widget_type=\"heading.default\">\n\t\t\t\t<div class=\"elementor-widget-container\">\n\t\t\t<h4 class=\"elementor-heading-title elementor-size-default\">\u00bfCu\u00e1les son sus derechos cuando nos facilita sus datos?<\/h4>\t\t<\/div>\n\t\t\t\t<\/div>\n\t\t\t\t<div class=\"elementor-element elementor-element-2f022c1 elementor-widget elementor-widget-text-editor\" data-id=\"2f022c1\" data-element_type=\"widget\" data-widget_type=\"text-editor.default\">\n\t\t\t\t<div class=\"elementor-widget-container\">\n\t\t\t\t\t\t\tEn tanto en cuanto Moi Aussi trate sus datos personales, usted tiene derecho a solicitar:\n<ul>\n \t<li>Acceso.- El interesado tendr\u00e1 derecho a obtener del responsable del tratamiento confirmaci\u00f3n de si se est\u00e1n tratando o no los datos que le conciernan, as\u00ed como informaci\u00f3n detallada acerca de determinados aspectos del tratamiento\nque se est\u00e9 llevando a cabo.<\/li>\n \t<li>Rectificaci\u00f3n.- El interesado tendr\u00e1 derecho a obtener la rectificaci\u00f3n de los datos personales inexactos que le\nconciernan o que se completen aquellos que fueran incompletos.<\/li>\n \t<li>Supresi\u00f3n.- El interesado tendr\u00e1 derecho a solicitar la supresi\u00f3n de sus datos personales, en todo caso al supresi\u00f3n\nestar\u00e1 sujeta a los l\u00edmites establecidos en la norma reguladora.<\/li>\n \t<li>Limitaci\u00f3n de su tratamiento.- El interesado tendr\u00e1 derecho a solicitar la limitaci\u00f3n respecto al tratamiento de sus datos\nde car\u00e1cter personal<\/li>\n \t<li>Oposici\u00f3n al tratamiento.- En determinadas circunstancias y por motivos relacionados con su situaci\u00f3n particular,\nlos interesados podr\u00e1n oponerse al tratamiento de sus datos. Moi Aussi dejar\u00e1 de tratar los datos, salvo por motivos leg\u00edtimos, imperiosos, o el ejercicio o la defensa de posibles reclamaciones.<\/li>\n \t<li>Derecho a la portabilidad de sus datos.- Es decir tendr\u00e1 derecho a recibir los datos personales que le incumban, que haya\nfacilitado a un responsable del tratamiento, en un formato estructurado, de uso com\u00fan y lectura mec\u00e1nica y a\ntransmitirlos a otro responsable del tratamiento.<\/li>\n<\/ul><br\/>\nLos referidos derechos podr\u00e1n ser ejercidos mediante solicitud a: contact@moiaussi.com\t\t\t\t\t\t<\/div>\n\t\t\t\t<\/div>\n\t\t\t\t<div class=\"elementor-element elementor-element-3f9f76f elementor-widget elementor-widget-heading\" data-id=\"3f9f76f\" data-element_type=\"widget\" data-widget_type=\"heading.default\">\n\t\t\t\t<div class=\"elementor-widget-container\">\n\t\t\t<h4 class=\"elementor-heading-title elementor-size-default\">Tutela de las autoridades de control.<\/h4>\t\t<\/div>\n\t\t\t\t<\/div>\n\t\t\t\t<div class=\"elementor-element elementor-element-8188ee9 elementor-widget elementor-widget-text-editor\" data-id=\"8188ee9\" data-element_type=\"widget\" data-widget_type=\"text-editor.default\">\n\t\t\t\t<div class=\"elementor-widget-container\">\n\t\t\t\t\t\t\t<p>En caso que lo creyera oportuno puede requerir la tutela del Garante per la protezione dei dati personali, presentando la correspondiente reclamaci\u00f3n. <strong>Garante per la protezione dei dati personali, Piazza Venezia n. 11 &#8211; 00187 Roma. www.garanteprivacy.it<\/strong><\/p>\t\t\t\t\t\t<\/div>\n\t\t\t\t<\/div>\n\t\t\t\t\t<\/div>\n\t\t<\/div>\n\t\t\t\t\t<\/div>\n\t\t<\/section>\n\t\t\t\t<\/div>\n\t\t","protected":false},"excerpt":{"rendered":"<p>POL\u00cdTICA DE PRIVACIDAD De conformidad con el Reglamento (UE) 2016\/679 del Parlamento Europeo y del Consejo de 27 de abril de 2016 (\u201cRGPD\u201d) y sunormativa de desarrollo,MOI AUSSI, SRLS. (\u201cMoi Aussi\u201d) informa a todos los usuarios de la \u00bfCon car\u00e1cter general con que finalidad trataremos sus datos personales? Atender la solicitud de informaci\u00f3n requerida a [&hellip;]<\/p>\n","protected":false},"author":1,"featured_media":0,"parent":0,"menu_order":0,"comment_status":"closed","ping_status":"open","template":"","meta":{"footnotes":""},"class_list":["post-3","page","type-page","status-publish","hentry"],"yoast_head":"<!-- This site is optimized with the Yoast SEO plugin v25.6 - https:\/\/yoast.com\/wordpress\/plugins\/seo\/ -->\n<title>Privacy Policy - moi aussi<\/title>\n<meta name=\"robots\" content=\"index, follow, max-snippet:-1, max-image-preview:large, max-video-preview:-1\" \/>\n<link rel=\"canonical\" href=\"https:\/\/www.moiaussi.com\/it\/privacy-policy\/\" \/>\n<meta property=\"og:locale\" content=\"it_IT\" \/>\n<meta property=\"og:type\" content=\"article\" \/>\n<meta property=\"og:title\" content=\"Privacy Policy - moi aussi\" \/>\n<meta property=\"og:description\" content=\"POL\u00cdTICA DE PRIVACIDAD De conformidad con el Reglamento (UE) 2016\/679 del Parlamento Europeo y del Consejo de 27 de abril de 2016 (\u201cRGPD\u201d) y sunormativa de desarrollo,MOI AUSSI, SRLS. (\u201cMoi Aussi\u201d) informa a todos los usuarios de la \u00bfCon car\u00e1cter general con que finalidad trataremos sus datos personales? Atender la solicitud de informaci\u00f3n requerida a [&hellip;]\" \/>\n<meta property=\"og:url\" content=\"https:\/\/www.moiaussi.com\/it\/privacy-policy\/\" \/>\n<meta property=\"og:site_name\" content=\"moi aussi\" \/>\n<meta property=\"article:modified_time\" content=\"2024-06-20T10:21:30+00:00\" \/>\n<meta name=\"twitter:card\" content=\"summary_large_image\" \/>\n<meta name=\"twitter:label1\" content=\"Tempo di lettura stimato\" \/>\n\t<meta name=\"twitter:data1\" content=\"4 minuti\" \/>\n<script type=\"application\/ld+json\" class=\"yoast-schema-graph\">{\"@context\":\"https:\/\/schema.org\",\"@graph\":[{\"@type\":\"WebPage\",\"@id\":\"https:\/\/www.moiaussi.com\/it\/privacy-policy\/\",\"url\":\"https:\/\/www.moiaussi.com\/it\/privacy-policy\/\",\"name\":\"Privacy Policy - moi aussi\",\"isPartOf\":{\"@id\":\"https:\/\/www.moiaussi.com\/it\/#website\"},\"datePublished\":\"2024-05-31T06:20:15+00:00\",\"dateModified\":\"2024-06-20T10:21:30+00:00\",\"breadcrumb\":{\"@id\":\"https:\/\/www.moiaussi.com\/it\/privacy-policy\/#breadcrumb\"},\"inLanguage\":\"it-IT\",\"potentialAction\":[{\"@type\":\"ReadAction\",\"target\":[\"https:\/\/www.moiaussi.com\/it\/privacy-policy\/\"]}]},{\"@type\":\"BreadcrumbList\",\"@id\":\"https:\/\/www.moiaussi.com\/it\/privacy-policy\/#breadcrumb\",\"itemListElement\":[{\"@type\":\"ListItem\",\"position\":1,\"name\":\"Portada\",\"item\":\"https:\/\/www.moiaussi.com\/it\/\"},{\"@type\":\"ListItem\",\"position\":2,\"name\":\"Privacy Policy\"}]},{\"@type\":\"WebSite\",\"@id\":\"https:\/\/www.moiaussi.com\/it\/#website\",\"url\":\"https:\/\/www.moiaussi.com\/it\/\",\"name\":\"moi aussi\",\"description\":\"\",\"publisher\":{\"@id\":\"https:\/\/www.moiaussi.com\/it\/#organization\"},\"potentialAction\":[{\"@type\":\"SearchAction\",\"target\":{\"@type\":\"EntryPoint\",\"urlTemplate\":\"https:\/\/www.moiaussi.com\/it\/?s={search_term_string}\"},\"query-input\":{\"@type\":\"PropertyValueSpecification\",\"valueRequired\":true,\"valueName\":\"search_term_string\"}}],\"inLanguage\":\"it-IT\"},{\"@type\":\"Organization\",\"@id\":\"https:\/\/www.moiaussi.com\/it\/#organization\",\"name\":\"moi aussi\",\"url\":\"https:\/\/www.moiaussi.com\/it\/\",\"logo\":{\"@type\":\"ImageObject\",\"inLanguage\":\"it-IT\",\"@id\":\"https:\/\/www.moiaussi.com\/it\/#\/schema\/logo\/image\/\",\"url\":\"\/wp-content\/uploads\/2024\/05\/LOGO-01.webp\",\"contentUrl\":\"\/wp-content\/uploads\/2024\/05\/LOGO-01.webp\",\"width\":1778,\"height\":1225,\"caption\":\"moi aussi\"},\"image\":{\"@id\":\"https:\/\/www.moiaussi.com\/it\/#\/schema\/logo\/image\/\"}}]}<\/script>\n<!-- \/ Yoast SEO plugin. -->","yoast_head_json":{"title":"Privacy Policy - moi aussi","robots":{"index":"index","follow":"follow","max-snippet":"max-snippet:-1","max-image-preview":"max-image-preview:large","max-video-preview":"max-video-preview:-1"},"canonical":"https:\/\/www.moiaussi.com\/it\/privacy-policy\/","og_locale":"it_IT","og_type":"article","og_title":"Privacy Policy - moi aussi","og_description":"POL\u00cdTICA DE PRIVACIDAD De conformidad con el Reglamento (UE) 2016\/679 del Parlamento Europeo y del Consejo de 27 de abril de 2016 (\u201cRGPD\u201d) y sunormativa de desarrollo,MOI AUSSI, SRLS. (\u201cMoi Aussi\u201d) informa a todos los usuarios de la \u00bfCon car\u00e1cter general con que finalidad trataremos sus datos personales? Atender la solicitud de informaci\u00f3n requerida a [&hellip;]","og_url":"https:\/\/www.moiaussi.com\/it\/privacy-policy\/","og_site_name":"moi aussi","article_modified_time":"2024-06-20T10:21:30+00:00","twitter_card":"summary_large_image","twitter_misc":{"Tempo di lettura stimato":"4 minuti"},"schema":{"@context":"https:\/\/schema.org","@graph":[{"@type":"WebPage","@id":"https:\/\/www.moiaussi.com\/it\/privacy-policy\/","url":"https:\/\/www.moiaussi.com\/it\/privacy-policy\/","name":"Privacy Policy - moi aussi","isPartOf":{"@id":"https:\/\/www.moiaussi.com\/it\/#website"},"datePublished":"2024-05-31T06:20:15+00:00","dateModified":"2024-06-20T10:21:30+00:00","breadcrumb":{"@id":"https:\/\/www.moiaussi.com\/it\/privacy-policy\/#breadcrumb"},"inLanguage":"it-IT","potentialAction":[{"@type":"ReadAction","target":["https:\/\/www.moiaussi.com\/it\/privacy-policy\/"]}]},{"@type":"BreadcrumbList","@id":"https:\/\/www.moiaussi.com\/it\/privacy-policy\/#breadcrumb","itemListElement":[{"@type":"ListItem","position":1,"name":"Portada","item":"https:\/\/www.moiaussi.com\/it\/"},{"@type":"ListItem","position":2,"name":"Privacy Policy"}]},{"@type":"WebSite","@id":"https:\/\/www.moiaussi.com\/it\/#website","url":"https:\/\/www.moiaussi.com\/it\/","name":"moi aussi","description":"","publisher":{"@id":"https:\/\/www.moiaussi.com\/it\/#organization"},"potentialAction":[{"@type":"SearchAction","target":{"@type":"EntryPoint","urlTemplate":"https:\/\/www.moiaussi.com\/it\/?s={search_term_string}"},"query-input":{"@type":"PropertyValueSpecification","valueRequired":true,"valueName":"search_term_string"}}],"inLanguage":"it-IT"},{"@type":"Organization","@id":"https:\/\/www.moiaussi.com\/it\/#organization","name":"moi aussi","url":"https:\/\/www.moiaussi.com\/it\/","logo":{"@type":"ImageObject","inLanguage":"it-IT","@id":"https:\/\/www.moiaussi.com\/it\/#\/schema\/logo\/image\/","url":"\/wp-content\/uploads\/2024\/05\/LOGO-01.webp","contentUrl":"\/wp-content\/uploads\/2024\/05\/LOGO-01.webp","width":1778,"height":1225,"caption":"moi aussi"},"image":{"@id":"https:\/\/www.moiaussi.com\/it\/#\/schema\/logo\/image\/"}}]}},"_links":{"self":[{"href":"https:\/\/www.moiaussi.com\/it\/wp-json\/wp\/v2\/pages\/3"}],"collection":[{"href":"https:\/\/www.moiaussi.com\/it\/wp-json\/wp\/v2\/pages"}],"about":[{"href":"https:\/\/www.moiaussi.com\/it\/wp-json\/wp\/v2\/types\/page"}],"author":[{"embeddable":true,"href":"https:\/\/www.moiaussi.com\/it\/wp-json\/wp\/v2\/users\/1"}],"replies":[{"embeddable":true,"href":"https:\/\/www.moiaussi.com\/it\/wp-json\/wp\/v2\/comments?post=3"}],"version-history":[{"count":12,"href":"https:\/\/www.moiaussi.com\/it\/wp-json\/wp\/v2\/pages\/3\/revisions"}],"predecessor-version":[{"id":4741,"href":"https:\/\/www.moiaussi.com\/it\/wp-json\/wp\/v2\/pages\/3\/revisions\/4741"}],"wp:attachment":[{"href":"https:\/\/www.moiaussi.com\/it\/wp-json\/wp\/v2\/media?parent=3"}],"curies":[{"name":"wp","href":"https:\/\/api.w.org\/{rel}","templated":true}]}}